{"id":1741,"date":"2024-03-11T18:42:34","date_gmt":"2024-03-11T17:42:34","guid":{"rendered":"https:\/\/oceancruiserbenalmadena.com\/?page_id=1741"},"modified":"2025-02-11T13:23:32","modified_gmt":"2025-02-11T12:23:32","slug":"mentions-legales-et-politique-de-confidentialite","status":"publish","type":"page","link":"https:\/\/oceancruiserbenalmadena.com\/fr\/mentions-legales-et-politique-de-confidentialite\/","title":{"rendered":"Mentions l\u00e9gales et politique de confidentialit\u00e9"},"content":{"rendered":"\r\n<h3 class=\"wp-block-heading\"><strong>Mentions l\u00e9gales<\/strong><\/h3>\r\n<p style=\"text-align: justify;\">Le pr\u00e9sent document vise \u00e0 informer les utilisateurs sur la politique l\u00e9gale du site Web qui r\u00e9git la collecte et l&rsquo;utilisation des donn\u00e9es personnelles des utilisateurs, et qui est strictement conforme \u00e0 la r\u00e9glementation en vigueur en mati\u00e8re de traitement des donn\u00e9es personnelles et de commerce \u00e9lectronique.<\/p>\r\n<p class=\"western\"><strong><u>Donn\u00e9es d&rsquo;identification<\/u><\/strong><\/p>\r\n<p style=\"text-align: justify;\">Conform\u00e9ment \u00e0 l&rsquo;article 10 de la Loi 34\/2002, du 11 juillet, sur les services de la soci\u00e9t\u00e9 de l&rsquo;information et du commerce \u00e9lectronique, le titulaire du site Web expose ses donn\u00e9es d&rsquo;identification et informe sur la politique de confidentialit\u00e9 et de protection des donn\u00e9es du site Web https:\/\/oceancruiserbenalmadena.com\/ (ci-apr\u00e8s, le site Web), un site Web d&rsquo;entreprise proposant des promenades en voilier.<\/p>\r\n<p class=\"western\"><u>Raison sociale:<\/u>\u00a0107 MARSYP, S.L.<\/p>\r\n<p class=\"western\"><u>CIF:<\/u>\u00a0B93197911<\/p>\r\n<p class=\"western\"><u>Nom commercial:<\/u> Ocean Cruiser Benalm\u00e1dena<\/p>\r\n<p class=\"western\"><u>Si\u00e8ge social:<\/u>\u00a0C\/ Ovidio, 3, 29017 M\u00e1laga<\/p>\r\n<p class=\"western\"><u>Adresse e-mail:<\/u>\u00a0info@oceancruiserbenalmadena.com<\/p>\r\n<p class=\"western\"><strong><u>Utilisateurs<\/u><\/strong><\/p>\r\n<p style=\"text-align: justify;\">Toute personne acc\u00e9dant au site Web assume le r\u00f4le d&rsquo;UTILISATEUR et accepte la pr\u00e9sente politique de confidentialit\u00e9, s&rsquo;engageant \u00e0 se conformer aux dispositions l\u00e9gales qui y sont expos\u00e9es.<\/p>\r\n<p class=\"western\"><strong><u>Objectif<\/u><\/strong><\/p>\r\n<p style=\"text-align: justify;\">Le site Web https:\/\/oceancruiserbenalmadena.com\/ est un site Web d&rsquo;entreprise fournissant des informations aux utilisateurs sur les services propos\u00e9s.<\/p>\r\n<hr \/>\r\n<h3>Politique de confidentialit\u00e9<\/h3>\r\n<p style=\"text-align: justify;\">Cette politique de confidentialit\u00e9 et de protection des donn\u00e9es est sp\u00e9cifiquement adapt\u00e9e au site Web https:\/\/oceancruiserbenalmadena.com\/ et suit les directives de la l\u00e9gislation en vigueur.<\/p>\r\n<h4>1. Lois applicables sur ce site Web<\/h4>\r\n<p>&#8211; <a href=\"https:\/\/www.boe.es\/buscar\/act.php?id=BOE-A-2002-13758\" target=\"_blank\" rel=\"noopener\">Loi 34\/2002<\/a>, du 11 juillet, sur les services de la soci\u00e9t\u00e9 de l&rsquo;information et du commerce \u00e9lectronique (ci-apr\u00e8s, LSSI). &#8211; <a href=\"https:\/\/www.boe.es\/buscar\/doc.php?id=BOE-A-2018-16673\" target=\"_blank\" rel=\"noopener\">Loi organique 3\/2018<\/a>, du 5 d\u00e9cembre, sur la protection des donn\u00e9es personnelles et la garantie des droits num\u00e9riques (ci-apr\u00e8s, LOPD).<\/p>\r\n<p style=\"text-align: justify;\">&#8211; <a href=\"https:\/\/www.boe.es\/buscar\/doc.php?id=DOUE-L-2016-80807\" target=\"_blank\" rel=\"noopener\">R\u00e8glement (UE) 2019\/679<\/a> du Parlement europ\u00e9en et du Conseil du 27 avril 2016 relatif \u00e0 la protection des personnes physiques \u00e0 l&rsquo;\u00e9gard du traitement des donn\u00e9es \u00e0 caract\u00e8re personnel et \u00e0 la libre circulation de ces donn\u00e9es et abrogeant la directive 95\/46\/CE (R\u00e8glement g\u00e9n\u00e9ral sur la protection des donn\u00e9es de l&rsquo;Union europ\u00e9enne) (ci-apr\u00e8s, RGPD).<\/p>\r\n<h4>2. Donn\u00e9es collect\u00e9es sur ce site Web<\/h4>\r\n<p style=\"text-align: justify;\">Ce site Web collecte uniquement les donn\u00e9es strictement n\u00e9cessaires \u00e0 la r\u00e9alisation de l&rsquo;activit\u00e9 du service, conform\u00e9ment au principe de minimisation des donn\u00e9es (Art. 5 b du RGPD).<\/p>\r\n<p style=\"text-align: justify;\">En tout cas, ces donn\u00e9es seront des donn\u00e9es personnelles d&rsquo;identification (nom, pr\u00e9nom, t\u00e9l\u00e9phone, adresse e-mail), collect\u00e9es via le formulaire de contact du site Web, lorsque l&rsquo;utilisateur saisit des informations dans l&rsquo;un des champs pr\u00e9vus \u00e0 cet effet. Ces donn\u00e9es ne seront pas collect\u00e9es tant que l&rsquo;utilisateur n&rsquo;aura pas accept\u00e9 la pr\u00e9sente politique de confidentialit\u00e9.<\/p>\r\n<h4>3. Consentement de l&rsquo;utilisateur<\/h4>\r\n<p style=\"text-align: justify;\">L&rsquo;envoi de donn\u00e9es personnelles se fait en utilisant les formulaires \u00e9lectroniques du site Web, en cochant la case \u00ab\u00a0J&rsquo;accepte la politique de confidentialit\u00e9\u00a0\u00bb et en cliquant pour envoyer les donn\u00e9es via le formulaire de contact. L&rsquo;utilisateur d\u00e9clare ainsi avoir lu et accept\u00e9 express\u00e9ment la politique de confidentialit\u00e9, et donne son consentement explicite et sans \u00e9quivoque au traitement de ses donn\u00e9es personnelles conform\u00e9ment aux finalit\u00e9s indiqu\u00e9es.<\/p>\r\n<p style=\"text-align: justify;\">L&rsquo;Utilisateur certifie qu&rsquo;il poss\u00e8de la capacit\u00e9 juridique n\u00e9cessaire pour consentir au traitement de ses donn\u00e9es \u00e0 caract\u00e8re personnel, conform\u00e9ment \u00e0 ce qui est \u00e9tabli dans la pr\u00e9sente politique de confidentialit\u00e9.<\/p>\r\n<h4>4. But de la collecte et de l&rsquo;utilisation des donn\u00e9es<\/h4>\r\n<p style=\"text-align: justify;\">Les donn\u00e9es sont collect\u00e9es et utilis\u00e9es exclusivement pour traiter les demandes des utilisateurs, \u00e0 des fins de marketing et de publicit\u00e9 (par exemple, pour vous envoyer des informations sur nos produits et services ou pour vous proposer des promotions sp\u00e9ciales), ou pour contacter les utilisateurs.<\/p>\r\n<p style=\"text-align: justify;\">Ocean Cruiser Benalm\u00e1dena s\u2019engage \u00e0 ne pas utiliser les donn\u00e9es re\u00e7ues \u00e0 d\u2019autres fins.<\/p>\r\n<p style=\"text-align: justify;\">L\u2019utilisateur peut s\u2019opposer \u00e0 l\u2019utilisation de ses donn\u00e9es \u00e0 des fins commerciales en envoyant un e-mail \u00e0 info@oceancruiserbenalmadena.com avec l\u2019objet \u00ab D\u00e9sinscription des communications commerciales \u00bb.<\/p>\r\n<h4>5. Dur\u00e9e de conservation des donn\u00e9es<\/h4>\r\n<p style=\"text-align: justify;\">Les donn\u00e9es seront conserv\u00e9es jusqu&rsquo;\u00e0 ce que l&rsquo;objectif pour lequel elles ont \u00e9t\u00e9 collect\u00e9es soit atteint (Art. 5 e RGPD) ou jusqu&rsquo;\u00e0 ce que le droit de suppression ou de modification soit exerc\u00e9. Cela n&rsquo;entrera en conflit avec la n\u00e9cessit\u00e9, pour des raisons l\u00e9gales ou fiscales, de conserver ces donn\u00e9es.<\/p>\r\n<h4>6. Comment prot\u00e9geons-nous vos donn\u00e9es?<\/h4>\r\n<p>Vos donn\u00e9es sont transf\u00e9r\u00e9es et stock\u00e9es en toute s\u00e9curit\u00e9 car nous disposons de:<\/p>\r\n<ul>\r\n<li>Cryptage SSL.<\/li>\r\n<li>Firewall au niveau du serveur.<\/li>\r\n<li>Protocoles de s\u00e9curit\u00e9 pour pr\u00e9venir les acc\u00e8s non autoris\u00e9s.<\/li>\r\n<li>Sauvegardes.<\/li>\r\n<\/ul>\r\n<p style=\"text-align: justify;\">https:\/\/oceancruiserbenalmadena.com\/ ne peut garantir une s\u00e9curit\u00e9 totale des communications sur Internet, mais garantit de prendre les mesures appropri\u00e9es pour prot\u00e9ger vos donn\u00e9es. De plus, nous nous engageons \u00e0 maintenir la confidentialit\u00e9 des donn\u00e9es et \u00e0 ne pas les communiquer \u00e0 des tiers non autoris\u00e9s.<\/p>\r\n<h4>7. Droits de l&rsquo;utilisateur en mati\u00e8re de protection des donn\u00e9es<\/h4>\r\n<p>La l\u00e9gislation en vigueur reconna\u00eet les droits suivants lors de la transmission de vos donn\u00e9es:<\/p>\r\n<ul>\r\n<li style=\"text-align: justify;\">Droit \u00e0 l&rsquo;information: vous avez le droit d&rsquo;\u00eatre inform\u00e9 de mani\u00e8re claire avant que vos donn\u00e9es ne soient collect\u00e9es sur quelles donn\u00e9es vous concernant sont trait\u00e9es, dans quel but elles sont trait\u00e9es, d&rsquo;o\u00f9 les donn\u00e9es ont \u00e9t\u00e9 obtenues et si elles seront communiqu\u00e9es ou ont \u00e9t\u00e9 communiqu\u00e9es \u00e0 quelqu&rsquo;un.<\/li>\r\n<li style=\"text-align: justify;\">Droit d&rsquo;acc\u00e8s: pour savoir quelles donn\u00e9es vous concernant sont trait\u00e9es, dans quel but elles sont trait\u00e9es, d&rsquo;o\u00f9 les donn\u00e9es ont \u00e9t\u00e9 obtenues et si elles seront communiqu\u00e9es ou ont \u00e9t\u00e9 communiqu\u00e9es \u00e0 quelqu&rsquo;un.<\/li>\r\n<li style=\"text-align: justify;\">Droit de rectification: pour modifier les donn\u00e9es incorrectes ou incompl\u00e8tes vous concernant.<\/li>\r\n<li style=\"text-align: justify;\">Droit de suppression: pour supprimer vos donn\u00e9es inad\u00e9quates ou excessives.<\/li>\r\n<li style=\"text-align: justify;\">Droit d&rsquo;opposition: pour emp\u00eacher que vos donn\u00e9es ne soient trait\u00e9es ou pour que le traitement cesse, bien que seulement dans les cas pr\u00e9vus par la loi.<\/li>\r\n<li style=\"text-align: justify;\">Droit \u00e0 la limitation du traitement: pour emp\u00eacher que vos donn\u00e9es ne soient trait\u00e9es ou pour que le traitement cesse, bien que seulement dans les cas pr\u00e9vus par la loi.<\/li>\r\n<li style=\"text-align: justify;\">Droit \u00e0 la portabilit\u00e9 des donn\u00e9es: pour demander la suspension du traitement des donn\u00e9es dans les cas pr\u00e9vus par la loi.<\/li>\r\n<li style=\"text-align: justify;\">Droit de ne pas \u00eatre soumis \u00e0 une d\u00e9cision individuelle: afin qu&rsquo;aucune d\u00e9cision ne soit prise \u00e0 votre sujet qui produise des effets juridiques ou vous affecte uniquement sur la base du traitement de vos donn\u00e9es.<\/li>\r\n<\/ul>\r\n<p>Pour exercer vos droits, veuillez nous contacter en indiquant les droits que vous souhaitez exercer, accompagn\u00e9s d&rsquo;une copie certifi\u00e9e conforme de votre carte d&rsquo;identit\u00e9, passeport ou autre document d&rsquo;identification \u00e0 l&rsquo;adresse e-mail info@oceancruiserbenalmadena.com.<\/p>\r\n<h4><strong>8. Responsabilit\u00e9s<\/strong><\/h4>\r\n<p style=\"text-align: justify;\"><strong>107 MARSYP, S.L.<\/strong> n&rsquo;est pas responsable des informations et contenus stock\u00e9s dans les forums, les r\u00e9seaux sociaux ou tout autre moyen permettant \u00e0 des tiers de publier des contenus de mani\u00e8re ind\u00e9pendante sur le site Web.<\/p>\r\n<p style=\"text-align: justify;\">Cependant, compte tenu des articles 11 et 16 de la LSSI-CE, <strong>107 MARSYP, S.L.<\/strong> s&rsquo;engage \u00e0 retirer ou, le cas \u00e9ch\u00e9ant, \u00e0 bloquer les contenus qui pourraient affecter ou contrevenir \u00e0 la l\u00e9gislation nationale ou internationale, aux droits de tiers ou \u00e0 la morale et \u00e0 l&rsquo;ordre public.<\/p>\r\n<p style=\"text-align: justify;\">L&rsquo;entreprise se r\u00e9serve le droit de mettre \u00e0 jour, de modifier ou de supprimer les informations contenues sur son site Web, ainsi que la configuration ou la pr\u00e9sentation de celui-ci, \u00e0 tout moment et sans assumer de responsabilit\u00e9 \u00e0 cet \u00e9gard.<\/p>\r\n<h4><strong>9. Propri\u00e9t\u00e9 intellectuelle et industrielle<\/strong><\/h4>\r\n<p style=\"text-align: justify;\"><strong>107 MARSYP, S.L.<\/strong> est titulaire de tous les droits sur le logiciel de publication num\u00e9rique, ainsi que des droits de propri\u00e9t\u00e9 industrielle et intellectuelle relatifs aux contenus inclus, \u00e0 l&rsquo;exception des droits sur les produits et services de caract\u00e8re public qui ne sont pas la propri\u00e9t\u00e9 de cette entreprise.<\/p>\r\n<p style=\"text-align: justify;\">Aucun mat\u00e9riel publi\u00e9 sur ce site Web ne peut \u00eatre reproduit, copi\u00e9 ou publi\u00e9 sans le consentement \u00e9crit de <strong>107 MARSYP, S.L<\/strong>.<\/p>\r\n<p style=\"text-align: justify;\">Toutes les informations re\u00e7ues sur le site Web, telles que les commentaires, suggestions ou id\u00e9es, seront consid\u00e9r\u00e9es comme c\u00e9d\u00e9es \u00e0 <strong>107 MARSYP, S.L.<\/strong> gratuitement. Aucune information ne doit \u00eatre envoy\u00e9e qui NE puisse \u00eatre trait\u00e9e de cette mani\u00e8re.<\/p>\r\n<h4>10. Modifications de la politique de confidentialit\u00e9<\/h4>\r\n<p style=\"text-align: justify;\">https:\/\/oceancruiserbenalmadena.com\/ se r\u00e9serve le droit de modifier la pr\u00e9sente politique de confidentialit\u00e9, modifications qui seront effectu\u00e9es conform\u00e9ment \u00e0 la l\u00e9gislation espagnole en vigueur.<\/p>\r\n<h4>11. Politique de Google Analytics<\/h4>\r\n<p style=\"text-align: justify;\">Google Analytics, un service d&rsquo;analyse Web fourni par Google, Inc., une soci\u00e9t\u00e9 du Delaware dont le si\u00e8ge social est situ\u00e9 au 1600 Amphitheatre Parkway, Mountain View (Californie), CA 94043, \u00c9tats-Unis (\u00ab\u00a0Google\u00a0\u00bb). Google Analytics utilise des \u00ab\u00a0cookies\u00a0\u00bb, qui sont des fichiers texte plac\u00e9s sur votre ordinateur, pour aider le site Web \u00e0 analyser l&rsquo;utilisation du site par les utilisateurs. Les informations g\u00e9n\u00e9r\u00e9es par le cookie concernant votre utilisation du site Web (y compris votre adresse IP) seront directement transmises et archiv\u00e9es par Google sur des serveurs situ\u00e9s aux \u00c9tats-Unis. Google utilisera ces informations pour notre compte dans le but de suivre votre utilisation du site Web, de compiler des rapports sur l&rsquo;activit\u00e9 du site Web et de fournir d&rsquo;autres services relatifs \u00e0 l&rsquo;activit\u00e9 du site Web et \u00e0 l&rsquo;utilisation d&rsquo;Internet. Google peut transf\u00e9rer ces informations \u00e0 des tiers lorsque la loi l&rsquo;exige, ou lorsque ces tiers traitent les informations pour le compte de Google. Google n&rsquo;associera pas votre adresse IP \u00e0 d&rsquo;autres donn\u00e9es d\u00e9tenues par Google. Vous pouvez refuser l&rsquo;utilisation de cookies en s\u00e9lectionnant les param\u00e8tres appropri\u00e9s de votre navigateur, mais veuillez noter que si vous le faites, vous risquez de ne pas pouvoir utiliser toutes les fonctionnalit\u00e9s de ce site Web. En utilisant ce site Web, vous consentez au traitement de vos donn\u00e9es par Google de la mani\u00e8re et aux fins d\u00e9crites ci-dessus.<\/p>\r\n","protected":false},"excerpt":{"rendered":"<p>Mentions l\u00e9gales Le pr\u00e9sent document vise \u00e0 informer les utilisateurs sur la politique l\u00e9gale du site Web qui r\u00e9git la [&hellip;]<\/p>\n","protected":false},"author":2,"featured_media":0,"parent":0,"menu_order":0,"comment_status":"closed","ping_status":"closed","template":"","meta":{"footnotes":""},"class_list":["post-1741","page","type-page","status-publish","hentry"],"yoast_head":"<!-- This site is optimized with the Yoast SEO plugin v27.1.1 - https:\/\/yoast.com\/product\/yoast-seo-wordpress\/ -->\n<title>\u25b7 Mentions l\u00e9gales et politique de confidentialit\u00e9 - Velero Ocean Cruiser<\/title>\n<meta name=\"robots\" content=\"noindex, nofollow\" \/>\n<meta property=\"og:locale\" content=\"fr_FR\" \/>\n<meta property=\"og:type\" content=\"article\" \/>\n<meta property=\"og:title\" content=\"\u25b7 Mentions l\u00e9gales et politique de confidentialit\u00e9 - Velero Ocean Cruiser\" \/>\n<meta property=\"og:description\" content=\"Mentions l\u00e9gales Le pr\u00e9sent document vise \u00e0 informer les utilisateurs sur la politique l\u00e9gale du site Web qui r\u00e9git la [&hellip;]\" \/>\n<meta property=\"og:url\" content=\"https:\/\/oceancruiserbenalmadena.com\/fr\/mentions-legales-et-politique-de-confidentialite\/\" \/>\n<meta property=\"og:site_name\" content=\"Velero Ocean Cruiser\" \/>\n<meta property=\"article:publisher\" content=\"https:\/\/www.facebook.com\/Ocean-Cruiser-271668076348189\" \/>\n<meta property=\"article:modified_time\" content=\"2025-02-11T12:23:32+00:00\" \/>\n<meta name=\"twitter:card\" content=\"summary_large_image\" \/>\n<meta name=\"twitter:label1\" content=\"Dur\u00e9e de lecture estim\u00e9e\" \/>\n\t<meta name=\"twitter:data1\" content=\"7 minutes\" \/>\n<script type=\"application\/ld+json\" class=\"yoast-schema-graph\">{\"@context\":\"https:\/\/schema.org\",\"@graph\":[{\"@type\":\"WebPage\",\"@id\":\"https:\/\/oceancruiserbenalmadena.com\/fr\/mentions-legales-et-politique-de-confidentialite\/\",\"url\":\"https:\/\/oceancruiserbenalmadena.com\/fr\/mentions-legales-et-politique-de-confidentialite\/\",\"name\":\"\u25b7 Mentions l\u00e9gales et politique de confidentialit\u00e9 - Velero Ocean Cruiser\",\"isPartOf\":{\"@id\":\"https:\/\/oceancruiserbenalmadena.com\/fr\/#website\"},\"datePublished\":\"2024-03-11T17:42:34+00:00\",\"dateModified\":\"2025-02-11T12:23:32+00:00\",\"breadcrumb\":{\"@id\":\"https:\/\/oceancruiserbenalmadena.com\/fr\/mentions-legales-et-politique-de-confidentialite\/#breadcrumb\"},\"inLanguage\":\"fr-FR\",\"potentialAction\":[{\"@type\":\"ReadAction\",\"target\":[\"https:\/\/oceancruiserbenalmadena.com\/fr\/mentions-legales-et-politique-de-confidentialite\/\"]}]},{\"@type\":\"BreadcrumbList\",\"@id\":\"https:\/\/oceancruiserbenalmadena.com\/fr\/mentions-legales-et-politique-de-confidentialite\/#breadcrumb\",\"itemListElement\":[{\"@type\":\"ListItem\",\"position\":1,\"name\":\"Portada\",\"item\":\"https:\/\/oceancruiserbenalmadena.com\/fr\/\"},{\"@type\":\"ListItem\",\"position\":2,\"name\":\"Mentions l\u00e9gales et politique de confidentialit\u00e9\"}]},{\"@type\":\"WebSite\",\"@id\":\"https:\/\/oceancruiserbenalmadena.com\/fr\/#website\",\"url\":\"https:\/\/oceancruiserbenalmadena.com\/fr\/\",\"name\":\"Velero Ocean Cruiser\",\"description\":\"Paseos en Barco Velero en Benalm\u00e1dena y Alquiler de barco velero para eventos privados en Benalm\u00e1dena\",\"publisher\":{\"@id\":\"https:\/\/oceancruiserbenalmadena.com\/fr\/#organization\"},\"alternateName\":\"Barco Velero Ocean Cruiser Benalm\u00e1dena\",\"potentialAction\":[{\"@type\":\"SearchAction\",\"target\":{\"@type\":\"EntryPoint\",\"urlTemplate\":\"https:\/\/oceancruiserbenalmadena.com\/fr\/?s={search_term_string}\"},\"query-input\":{\"@type\":\"PropertyValueSpecification\",\"valueRequired\":true,\"valueName\":\"search_term_string\"}}],\"inLanguage\":\"fr-FR\"},{\"@type\":\"Organization\",\"@id\":\"https:\/\/oceancruiserbenalmadena.com\/fr\/#organization\",\"name\":\"Ocean Cruiser sailboat\",\"alternateName\":\"Barco Velero Ocean Cruiser Benalm\u00e1dena\",\"url\":\"https:\/\/oceancruiserbenalmadena.com\/fr\/\",\"logo\":{\"@type\":\"ImageObject\",\"inLanguage\":\"fr-FR\",\"@id\":\"https:\/\/oceancruiserbenalmadena.com\/fr\/#\/schema\/logo\/image\/\",\"url\":\"https:\/\/oceancruiserbenalmadena.com\/wp-content\/uploads\/2021\/12\/logo-serp.jpg\",\"contentUrl\":\"https:\/\/oceancruiserbenalmadena.com\/wp-content\/uploads\/2021\/12\/logo-serp.jpg\",\"width\":500,\"height\":430,\"caption\":\"Ocean Cruiser sailboat\"},\"image\":{\"@id\":\"https:\/\/oceancruiserbenalmadena.com\/fr\/#\/schema\/logo\/image\/\"},\"sameAs\":[\"https:\/\/www.facebook.com\/Ocean-Cruiser-271668076348189\",\"https:\/\/www.instagram.com\/oceancruiserbenalmadena\/\"]}]}<\/script>\n<!-- \/ Yoast SEO plugin. -->","yoast_head_json":{"title":"\u25b7 Mentions l\u00e9gales et politique de confidentialit\u00e9 - Velero Ocean Cruiser","robots":{"index":"noindex","follow":"nofollow"},"og_locale":"fr_FR","og_type":"article","og_title":"\u25b7 Mentions l\u00e9gales et politique de confidentialit\u00e9 - Velero Ocean Cruiser","og_description":"Mentions l\u00e9gales Le pr\u00e9sent document vise \u00e0 informer les utilisateurs sur la politique l\u00e9gale du site Web qui r\u00e9git la [&hellip;]","og_url":"https:\/\/oceancruiserbenalmadena.com\/fr\/mentions-legales-et-politique-de-confidentialite\/","og_site_name":"Velero Ocean Cruiser","article_publisher":"https:\/\/www.facebook.com\/Ocean-Cruiser-271668076348189","article_modified_time":"2025-02-11T12:23:32+00:00","twitter_card":"summary_large_image","twitter_misc":{"Dur\u00e9e de lecture estim\u00e9e":"7 minutes"},"schema":{"@context":"https:\/\/schema.org","@graph":[{"@type":"WebPage","@id":"https:\/\/oceancruiserbenalmadena.com\/fr\/mentions-legales-et-politique-de-confidentialite\/","url":"https:\/\/oceancruiserbenalmadena.com\/fr\/mentions-legales-et-politique-de-confidentialite\/","name":"\u25b7 Mentions l\u00e9gales et politique de confidentialit\u00e9 - Velero Ocean Cruiser","isPartOf":{"@id":"https:\/\/oceancruiserbenalmadena.com\/fr\/#website"},"datePublished":"2024-03-11T17:42:34+00:00","dateModified":"2025-02-11T12:23:32+00:00","breadcrumb":{"@id":"https:\/\/oceancruiserbenalmadena.com\/fr\/mentions-legales-et-politique-de-confidentialite\/#breadcrumb"},"inLanguage":"fr-FR","potentialAction":[{"@type":"ReadAction","target":["https:\/\/oceancruiserbenalmadena.com\/fr\/mentions-legales-et-politique-de-confidentialite\/"]}]},{"@type":"BreadcrumbList","@id":"https:\/\/oceancruiserbenalmadena.com\/fr\/mentions-legales-et-politique-de-confidentialite\/#breadcrumb","itemListElement":[{"@type":"ListItem","position":1,"name":"Portada","item":"https:\/\/oceancruiserbenalmadena.com\/fr\/"},{"@type":"ListItem","position":2,"name":"Mentions l\u00e9gales et politique de confidentialit\u00e9"}]},{"@type":"WebSite","@id":"https:\/\/oceancruiserbenalmadena.com\/fr\/#website","url":"https:\/\/oceancruiserbenalmadena.com\/fr\/","name":"Velero Ocean Cruiser","description":"Paseos en Barco Velero en Benalm\u00e1dena y Alquiler de barco velero para eventos privados en Benalm\u00e1dena","publisher":{"@id":"https:\/\/oceancruiserbenalmadena.com\/fr\/#organization"},"alternateName":"Barco Velero Ocean Cruiser Benalm\u00e1dena","potentialAction":[{"@type":"SearchAction","target":{"@type":"EntryPoint","urlTemplate":"https:\/\/oceancruiserbenalmadena.com\/fr\/?s={search_term_string}"},"query-input":{"@type":"PropertyValueSpecification","valueRequired":true,"valueName":"search_term_string"}}],"inLanguage":"fr-FR"},{"@type":"Organization","@id":"https:\/\/oceancruiserbenalmadena.com\/fr\/#organization","name":"Ocean Cruiser sailboat","alternateName":"Barco Velero Ocean Cruiser Benalm\u00e1dena","url":"https:\/\/oceancruiserbenalmadena.com\/fr\/","logo":{"@type":"ImageObject","inLanguage":"fr-FR","@id":"https:\/\/oceancruiserbenalmadena.com\/fr\/#\/schema\/logo\/image\/","url":"https:\/\/oceancruiserbenalmadena.com\/wp-content\/uploads\/2021\/12\/logo-serp.jpg","contentUrl":"https:\/\/oceancruiserbenalmadena.com\/wp-content\/uploads\/2021\/12\/logo-serp.jpg","width":500,"height":430,"caption":"Ocean Cruiser sailboat"},"image":{"@id":"https:\/\/oceancruiserbenalmadena.com\/fr\/#\/schema\/logo\/image\/"},"sameAs":["https:\/\/www.facebook.com\/Ocean-Cruiser-271668076348189","https:\/\/www.instagram.com\/oceancruiserbenalmadena\/"]}]}},"_links":{"self":[{"href":"https:\/\/oceancruiserbenalmadena.com\/fr\/wp-json\/wp\/v2\/pages\/1741","targetHints":{"allow":["GET"]}}],"collection":[{"href":"https:\/\/oceancruiserbenalmadena.com\/fr\/wp-json\/wp\/v2\/pages"}],"about":[{"href":"https:\/\/oceancruiserbenalmadena.com\/fr\/wp-json\/wp\/v2\/types\/page"}],"author":[{"embeddable":true,"href":"https:\/\/oceancruiserbenalmadena.com\/fr\/wp-json\/wp\/v2\/users\/2"}],"replies":[{"embeddable":true,"href":"https:\/\/oceancruiserbenalmadena.com\/fr\/wp-json\/wp\/v2\/comments?post=1741"}],"version-history":[{"count":2,"href":"https:\/\/oceancruiserbenalmadena.com\/fr\/wp-json\/wp\/v2\/pages\/1741\/revisions"}],"predecessor-version":[{"id":2282,"href":"https:\/\/oceancruiserbenalmadena.com\/fr\/wp-json\/wp\/v2\/pages\/1741\/revisions\/2282"}],"wp:attachment":[{"href":"https:\/\/oceancruiserbenalmadena.com\/fr\/wp-json\/wp\/v2\/media?parent=1741"}],"curies":[{"name":"wp","href":"https:\/\/api.w.org\/{rel}","templated":true}]}}