{"id":1743,"date":"2024-03-11T18:47:43","date_gmt":"2024-03-11T17:47:43","guid":{"rendered":"https:\/\/oceancruiserbenalmadena.com\/conditions-generales-de-service\/"},"modified":"2024-03-11T18:47:43","modified_gmt":"2024-03-11T17:47:43","slug":"conditions-generales-de-service","status":"publish","type":"page","link":"https:\/\/oceancruiserbenalmadena.com\/fr\/conditions-generales-de-service\/","title":{"rendered":"Conditions G\u00e9n\u00e9rales de Service"},"content":{"rendered":"<p style=\"text-align: justify;\">Le service est adapt\u00e9 \u00e0 tous les \u00e2ges. Les mineurs doivent toujours \u00eatre accompagn\u00e9s d&rsquo;un adulte responsable, sans lequel il ne sera pas possible d&#8217;embarquer.<\/p>\n<p>Le service comprend (par passager):<\/p>\n<ul>\n<li>Assurance voyage.<\/li>\n<li>Assurance du bateau.<\/li>\n<li>\u00c9quipage qualifi\u00e9 et responsable (skipper et marin).<\/li>\n<li>Une consommation \u00e0 bord.<\/li>\n<li>Une place assise sur le pont.<\/li>\n<li>Circuit r\u00e9serv\u00e9.<\/li>\n<li>Acc\u00e8s aux toilettes.<\/li>\n<\/ul>\n<p style=\"text-align: justify;\">La prestation du service est subordonn\u00e9e \u00e0 des conditions m\u00e9t\u00e9orologiques favorables garantissant la s\u00e9curit\u00e9 des passagers.<\/p>\n<p style=\"text-align: justify;\">Il y a une forte probabilit\u00e9 d&rsquo;observation de c\u00e9tac\u00e9s et de dauphins, mais cela ne peut \u00eatre garanti car ce sont des animaux sauvages dans leur habitat naturel.<\/p>\n<p style=\"text-align: justify;\">Les utilisateurs peuvent se baigner dans la mer si les conditions le permettent. La baignade en mer sera autoris\u00e9e par le capitaine \u00e0 bord, qui est responsable de la s\u00e9curit\u00e9 des passagers \u00e0 la fois \u00e0 bord et dans l&rsquo;eau. Ainsi, c&rsquo;est lui qui d\u00e9terminera si les conditions maritimes sont appropri\u00e9es pour l&rsquo;activit\u00e9. Les mineurs qui souhaitent se baigner le feront toujours accompagn\u00e9s d&rsquo;un adulte responsable. L&rsquo;\u00e9quipage veillera en tout temps \u00e0 la s\u00e9curit\u00e9 des passagers qui choisissent de se baigner.<\/p>\n<p style=\"text-align: justify;\">L&rsquo;acc\u00e8s aux cabines et aux zones priv\u00e9es du bateau est restreint.<\/p>\n<p>&nbsp;<\/p>\n<p><strong>R\u00e9servation et contrat pour des groupes priv\u00e9s:<\/strong><\/p>\n<p>La r\u00e9servation ne sera confirm\u00e9e qu&rsquo;apr\u00e8s le paiement de 50 % de la valeur totale de la r\u00e9servation.<\/p>\n<ul>\n<li style=\"text-align: justify;\">Annulations pour des raisons ind\u00e9pendantes de l&rsquo;entreprise ou en cas de conditions m\u00e9t\u00e9orologiques d\u00e9favorables: Si la r\u00e9servation est annul\u00e9e par le client, celui-ci pourra demander un changement de date selon disponibilit\u00e9, \u00e0 condition que cette annulation intervienne 48 heures avant la date et l&rsquo;heure du service r\u00e9serv\u00e9. Pass\u00e9 ce d\u00e9lai de 48 heures, le changement de date ne sera pas garanti. Aucun remboursement ne sera effectu\u00e9 dans aucun cas sur le montant vers\u00e9 en guise de r\u00e9servation.<\/li>\n<li style=\"text-align: justify;\">Annulations par l&rsquo;entreprise ou en raison de conditions m\u00e9t\u00e9orologiques et maritimes d\u00e9favorables: Dans ce cas, le remboursement total du montant pay\u00e9 sera effectu\u00e9.<\/li>\n<li style=\"text-align: justify;\">Retard \u00e0 l&#8217;embarquement pour des raisons ind\u00e9pendantes de l&rsquo;entreprise ou des conditions m\u00e9t\u00e9orologiques: Si le retard \u00e0 l&#8217;embarquement est caus\u00e9 par le client, il sera d\u00e9duit du temps de navigation pr\u00e9vu, et l&rsquo;horaire ne pourra pas \u00eatre modifi\u00e9.<\/li>\n<li>Retard caus\u00e9 par l&rsquo;entreprise ou en raison des conditions maritimes: Si le retard est d\u00fb \u00e0 l&rsquo;entreprise, le temps de retard sera ajout\u00e9, sans que le client subisse une r\u00e9duction de son temps de navigation total pr\u00e9vu.<\/li>\n<\/ul>\n<p>&nbsp;<\/p>\n<p><strong>R\u00e9servation et contrat pour des sorties ouvertes au grand public:<\/strong><\/p>\n<ul>\n<li style=\"text-align: justify;\">Annulations pour des raisons ind\u00e9pendantes de l&rsquo;entreprise ou en cas de conditions m\u00e9t\u00e9orologiques d\u00e9favorables: Si le client annule sa r\u00e9servation pour des raisons personnelles, aucun remboursement ne sera effectu\u00e9, mais un changement de cr\u00e9neau horaire pourra lui \u00eatre propos\u00e9, s&rsquo;il y a disponibilit\u00e9.<\/li>\n<li style=\"text-align: justify;\">Annulations par l&rsquo;entreprise ou en raison de conditions m\u00e9t\u00e9orologiques d\u00e9favorable: Le montant total pay\u00e9 sera rembours\u00e9.<\/li>\n<li style=\"text-align: justify;\">Retard \u00e0 l&#8217;embarquement pour des raisons ind\u00e9pendantes de l&rsquo;entreprise ou du temps: Si le client n&rsquo;est pas pr\u00e9sent au moment de l&#8217;embarquement pr\u00e9vu, il pourra \u00e9ventuellement changer pour un autre horaire de d\u00e9part le m\u00eame jour (sous r\u00e9serve de disponibilit\u00e9). Sinon, aucun changement de date ne sera possible et aucun remboursement ne sera effectu\u00e9.<\/li>\n<li style=\"text-align: justify;\">Retard \u00e0 l&#8217;embarquement caus\u00e9 par l&rsquo;entreprise: En cas de retard de plus de 40 minutes \u00e0 l&#8217;embarquement caus\u00e9 par l&rsquo;entreprise, le client pourra changer pour un autre horaire ou annuler son billet et demander le remboursement du montant pay\u00e9.<\/li>\n<\/ul>\n","protected":false},"excerpt":{"rendered":"<p>Le service est adapt\u00e9 \u00e0 tous les \u00e2ges. Les mineurs doivent toujours \u00eatre accompagn\u00e9s d&rsquo;un adulte responsable, sans lequel il [&hellip;]<\/p>\n","protected":false},"author":1,"featured_media":0,"parent":0,"menu_order":0,"comment_status":"closed","ping_status":"closed","template":"","meta":{"footnotes":""},"class_list":["post-1743","page","type-page","status-publish","hentry"],"yoast_head":"<!-- This site is optimized with the Yoast SEO plugin v27.1.1 - https:\/\/yoast.com\/product\/yoast-seo-wordpress\/ -->\n<title>\u25b7 Conditions G\u00e9n\u00e9rales de Service - Velero Ocean Cruiser<\/title>\n<meta name=\"robots\" content=\"noindex, nofollow\" \/>\n<meta property=\"og:locale\" content=\"fr_FR\" \/>\n<meta property=\"og:type\" content=\"article\" \/>\n<meta property=\"og:title\" content=\"\u25b7 Conditions G\u00e9n\u00e9rales de Service - Velero Ocean Cruiser\" \/>\n<meta property=\"og:description\" content=\"Le service est adapt\u00e9 \u00e0 tous les \u00e2ges. Les mineurs doivent toujours \u00eatre accompagn\u00e9s d&rsquo;un adulte responsable, sans lequel il [&hellip;]\" \/>\n<meta property=\"og:url\" content=\"https:\/\/oceancruiserbenalmadena.com\/fr\/conditions-generales-de-service\/\" \/>\n<meta property=\"og:site_name\" content=\"Velero Ocean Cruiser\" \/>\n<meta property=\"article:publisher\" content=\"https:\/\/www.facebook.com\/Ocean-Cruiser-271668076348189\" \/>\n<meta name=\"twitter:card\" content=\"summary_large_image\" \/>\n<meta name=\"twitter:label1\" content=\"Dur\u00e9e de lecture estim\u00e9e\" \/>\n\t<meta name=\"twitter:data1\" content=\"3 minutes\" \/>\n<script type=\"application\/ld+json\" class=\"yoast-schema-graph\">{\"@context\":\"https:\/\/schema.org\",\"@graph\":[{\"@type\":\"WebPage\",\"@id\":\"https:\/\/oceancruiserbenalmadena.com\/fr\/conditions-generales-de-service\/\",\"url\":\"https:\/\/oceancruiserbenalmadena.com\/fr\/conditions-generales-de-service\/\",\"name\":\"\u25b7 Conditions G\u00e9n\u00e9rales de Service - Velero Ocean Cruiser\",\"isPartOf\":{\"@id\":\"https:\/\/oceancruiserbenalmadena.com\/fr\/#website\"},\"datePublished\":\"2024-03-11T17:47:43+00:00\",\"breadcrumb\":{\"@id\":\"https:\/\/oceancruiserbenalmadena.com\/fr\/conditions-generales-de-service\/#breadcrumb\"},\"inLanguage\":\"fr-FR\",\"potentialAction\":[{\"@type\":\"ReadAction\",\"target\":[\"https:\/\/oceancruiserbenalmadena.com\/fr\/conditions-generales-de-service\/\"]}]},{\"@type\":\"BreadcrumbList\",\"@id\":\"https:\/\/oceancruiserbenalmadena.com\/fr\/conditions-generales-de-service\/#breadcrumb\",\"itemListElement\":[{\"@type\":\"ListItem\",\"position\":1,\"name\":\"Portada\",\"item\":\"https:\/\/oceancruiserbenalmadena.com\/fr\/\"},{\"@type\":\"ListItem\",\"position\":2,\"name\":\"Conditions G\u00e9n\u00e9rales de Service\"}]},{\"@type\":\"WebSite\",\"@id\":\"https:\/\/oceancruiserbenalmadena.com\/fr\/#website\",\"url\":\"https:\/\/oceancruiserbenalmadena.com\/fr\/\",\"name\":\"Velero Ocean Cruiser\",\"description\":\"Paseos en Barco Velero en Benalm\u00e1dena y Alquiler de barco velero para eventos privados en Benalm\u00e1dena\",\"publisher\":{\"@id\":\"https:\/\/oceancruiserbenalmadena.com\/fr\/#organization\"},\"alternateName\":\"Barco Velero Ocean Cruiser Benalm\u00e1dena\",\"potentialAction\":[{\"@type\":\"SearchAction\",\"target\":{\"@type\":\"EntryPoint\",\"urlTemplate\":\"https:\/\/oceancruiserbenalmadena.com\/fr\/?s={search_term_string}\"},\"query-input\":{\"@type\":\"PropertyValueSpecification\",\"valueRequired\":true,\"valueName\":\"search_term_string\"}}],\"inLanguage\":\"fr-FR\"},{\"@type\":\"Organization\",\"@id\":\"https:\/\/oceancruiserbenalmadena.com\/fr\/#organization\",\"name\":\"Ocean Cruiser sailboat\",\"alternateName\":\"Barco Velero Ocean Cruiser Benalm\u00e1dena\",\"url\":\"https:\/\/oceancruiserbenalmadena.com\/fr\/\",\"logo\":{\"@type\":\"ImageObject\",\"inLanguage\":\"fr-FR\",\"@id\":\"https:\/\/oceancruiserbenalmadena.com\/fr\/#\/schema\/logo\/image\/\",\"url\":\"https:\/\/oceancruiserbenalmadena.com\/wp-content\/uploads\/2021\/12\/logo-serp.jpg\",\"contentUrl\":\"https:\/\/oceancruiserbenalmadena.com\/wp-content\/uploads\/2021\/12\/logo-serp.jpg\",\"width\":500,\"height\":430,\"caption\":\"Ocean Cruiser sailboat\"},\"image\":{\"@id\":\"https:\/\/oceancruiserbenalmadena.com\/fr\/#\/schema\/logo\/image\/\"},\"sameAs\":[\"https:\/\/www.facebook.com\/Ocean-Cruiser-271668076348189\",\"https:\/\/www.instagram.com\/oceancruiserbenalmadena\/\"]}]}<\/script>\n<!-- \/ Yoast SEO plugin. -->","yoast_head_json":{"title":"\u25b7 Conditions G\u00e9n\u00e9rales de Service - Velero Ocean Cruiser","robots":{"index":"noindex","follow":"nofollow"},"og_locale":"fr_FR","og_type":"article","og_title":"\u25b7 Conditions G\u00e9n\u00e9rales de Service - Velero Ocean Cruiser","og_description":"Le service est adapt\u00e9 \u00e0 tous les \u00e2ges. Les mineurs doivent toujours \u00eatre accompagn\u00e9s d&rsquo;un adulte responsable, sans lequel il [&hellip;]","og_url":"https:\/\/oceancruiserbenalmadena.com\/fr\/conditions-generales-de-service\/","og_site_name":"Velero Ocean Cruiser","article_publisher":"https:\/\/www.facebook.com\/Ocean-Cruiser-271668076348189","twitter_card":"summary_large_image","twitter_misc":{"Dur\u00e9e de lecture estim\u00e9e":"3 minutes"},"schema":{"@context":"https:\/\/schema.org","@graph":[{"@type":"WebPage","@id":"https:\/\/oceancruiserbenalmadena.com\/fr\/conditions-generales-de-service\/","url":"https:\/\/oceancruiserbenalmadena.com\/fr\/conditions-generales-de-service\/","name":"\u25b7 Conditions G\u00e9n\u00e9rales de Service - Velero Ocean Cruiser","isPartOf":{"@id":"https:\/\/oceancruiserbenalmadena.com\/fr\/#website"},"datePublished":"2024-03-11T17:47:43+00:00","breadcrumb":{"@id":"https:\/\/oceancruiserbenalmadena.com\/fr\/conditions-generales-de-service\/#breadcrumb"},"inLanguage":"fr-FR","potentialAction":[{"@type":"ReadAction","target":["https:\/\/oceancruiserbenalmadena.com\/fr\/conditions-generales-de-service\/"]}]},{"@type":"BreadcrumbList","@id":"https:\/\/oceancruiserbenalmadena.com\/fr\/conditions-generales-de-service\/#breadcrumb","itemListElement":[{"@type":"ListItem","position":1,"name":"Portada","item":"https:\/\/oceancruiserbenalmadena.com\/fr\/"},{"@type":"ListItem","position":2,"name":"Conditions G\u00e9n\u00e9rales de Service"}]},{"@type":"WebSite","@id":"https:\/\/oceancruiserbenalmadena.com\/fr\/#website","url":"https:\/\/oceancruiserbenalmadena.com\/fr\/","name":"Velero Ocean Cruiser","description":"Paseos en Barco Velero en Benalm\u00e1dena y Alquiler de barco velero para eventos privados en Benalm\u00e1dena","publisher":{"@id":"https:\/\/oceancruiserbenalmadena.com\/fr\/#organization"},"alternateName":"Barco Velero Ocean Cruiser Benalm\u00e1dena","potentialAction":[{"@type":"SearchAction","target":{"@type":"EntryPoint","urlTemplate":"https:\/\/oceancruiserbenalmadena.com\/fr\/?s={search_term_string}"},"query-input":{"@type":"PropertyValueSpecification","valueRequired":true,"valueName":"search_term_string"}}],"inLanguage":"fr-FR"},{"@type":"Organization","@id":"https:\/\/oceancruiserbenalmadena.com\/fr\/#organization","name":"Ocean Cruiser sailboat","alternateName":"Barco Velero Ocean Cruiser Benalm\u00e1dena","url":"https:\/\/oceancruiserbenalmadena.com\/fr\/","logo":{"@type":"ImageObject","inLanguage":"fr-FR","@id":"https:\/\/oceancruiserbenalmadena.com\/fr\/#\/schema\/logo\/image\/","url":"https:\/\/oceancruiserbenalmadena.com\/wp-content\/uploads\/2021\/12\/logo-serp.jpg","contentUrl":"https:\/\/oceancruiserbenalmadena.com\/wp-content\/uploads\/2021\/12\/logo-serp.jpg","width":500,"height":430,"caption":"Ocean Cruiser sailboat"},"image":{"@id":"https:\/\/oceancruiserbenalmadena.com\/fr\/#\/schema\/logo\/image\/"},"sameAs":["https:\/\/www.facebook.com\/Ocean-Cruiser-271668076348189","https:\/\/www.instagram.com\/oceancruiserbenalmadena\/"]}]}},"_links":{"self":[{"href":"https:\/\/oceancruiserbenalmadena.com\/fr\/wp-json\/wp\/v2\/pages\/1743","targetHints":{"allow":["GET"]}}],"collection":[{"href":"https:\/\/oceancruiserbenalmadena.com\/fr\/wp-json\/wp\/v2\/pages"}],"about":[{"href":"https:\/\/oceancruiserbenalmadena.com\/fr\/wp-json\/wp\/v2\/types\/page"}],"author":[{"embeddable":true,"href":"https:\/\/oceancruiserbenalmadena.com\/fr\/wp-json\/wp\/v2\/users\/1"}],"replies":[{"embeddable":true,"href":"https:\/\/oceancruiserbenalmadena.com\/fr\/wp-json\/wp\/v2\/comments?post=1743"}],"version-history":[{"count":0,"href":"https:\/\/oceancruiserbenalmadena.com\/fr\/wp-json\/wp\/v2\/pages\/1743\/revisions"}],"wp:attachment":[{"href":"https:\/\/oceancruiserbenalmadena.com\/fr\/wp-json\/wp\/v2\/media?parent=1743"}],"curies":[{"name":"wp","href":"https:\/\/api.w.org\/{rel}","templated":true}]}}