{"id":1744,"date":"2024-03-11T19:30:03","date_gmt":"2024-03-11T18:30:03","guid":{"rendered":"https:\/\/oceancruiserbenalmadena.com\/politique-de-cookies\/"},"modified":"2024-11-15T22:57:14","modified_gmt":"2024-11-15T21:57:14","slug":"politique-de-cookies","status":"publish","type":"page","link":"https:\/\/oceancruiserbenalmadena.com\/fr\/politique-de-cookies\/","title":{"rendered":"Politique de cookies"},"content":{"rendered":"<div class=\"wpb-content-wrapper\"><p>[vc_row][vc_column][vc_icon position=\u00a0\u00bbleft\u00a0\u00bb icon=\u00a0\u00bbfa fa-gears2&Prime; size=\u00a0\u00bbfa-2x\u00a0\u00bb heading_semantic=\u00a0\u00bbp\u00a0\u00bb linked_title=\u00a0\u00bbyes\u00a0\u00bb uncode_shortcode_id=\u00a0\u00bb181045&Prime; title=\u00a0\u00bbConfigurer les Cookies\u00a0\u00bb link=\u00a0\u00bburl:%23cookiesAndContentPolicySettings|title:Configurer%20les%20Cookies|\u00a0\u00bb][\/vc_icon][vc_column_text uncode_shortcode_id=\u00a0\u00bb881975&Prime;]<\/p>\n<p style=\"text-align: justify;\">Conform\u00e9ment \u00e0 l&rsquo;article 22.2 de la Loi 34\/2002. \u201cLes prestataires de services peuvent utiliser des dispositifs de stockage et de r\u00e9cup\u00e9ration de donn\u00e9es sur les \u00e9quipements terminaux des destinataires, \u00e0 condition que ceux-ci aient donn\u00e9 leur consentement apr\u00e8s avoir re\u00e7u des informations claires et compl\u00e8tes sur leur utilisation, en particulier sur les finalit\u00e9s du traitement des donn\u00e9es, conform\u00e9ment \u00e0 la Loi organique 15\/1999 du 13 d\u00e9cembre sur la protection des donn\u00e9es \u00e0 caract\u00e8re personnel\u201d.<\/p>\n<p style=\"text-align: justify;\">Il convient de savoir qu&rsquo;en raison du fonctionnement d&rsquo;Internet et des sites Web, il n&rsquo;est pas toujours possible d&rsquo;obtenir des informations \u00e0 jour sur les cookies que des tiers peuvent utiliser via ce site Web.<\/p>\n<p style=\"text-align: justify;\"><strong>107 MARSYP, S.L<\/strong> informe sur l&rsquo;utilisation des cookies sur son site Web: <strong>https:\/\/oceancruiserbenalmadena.com\/fr<\/strong>.<\/p>\n<h3>Qu&rsquo;est-ce que les cookies?<\/h3>\n<p style=\"text-align: justify;\">Les cookies sont des fichiers t\u00e9l\u00e9charg\u00e9s sur votre ordinateur via les pages Web. Ce sont des outils essentiels pour la prestation de nombreux services de la soci\u00e9t\u00e9 de l&rsquo;information. Ils permettent notamment \u00e0 un site Web de stocker et de r\u00e9cup\u00e9rer des informations sur les habitudes de navigation d&rsquo;un utilisateur ou de son \u00e9quipement et, en fonction des informations obtenues, ils peuvent \u00eatre utilis\u00e9s pour reconna\u00eetre l&rsquo;utilisateur et am\u00e9liorer le service propos\u00e9.<\/p>\n<h3><\/h3>\n<h3>Types de cookies<\/h3>\n<p>Les cookies peuvent \u00eatre class\u00e9s selon plusieurs crit\u00e8res:<\/p>\n<p><strong>Selon leur origine:<\/strong><\/p>\n<ul>\n<li>Cookies internes: Install\u00e9s par ce site web.<\/li>\n<li>Cookies tiers: Install\u00e9s par d&rsquo;autres services, tels que les r\u00e9seaux sociaux ou les annonceurs.<\/li>\n<\/ul>\n<p><strong>Selon leur dur\u00e9e:<\/strong><\/p>\n<ul>\n<li>Cookies de session: Supprim\u00e9s lorsque le navigateur est ferm\u00e9.<\/li>\n<li>Cookies persistants: Restent sur l&rsquo;appareil pendant une p\u00e9riode d\u00e9termin\u00e9e.<\/li>\n<\/ul>\n<p>Selon leur finalit\u00e9:<\/p>\n<ul>\n<li style=\"text-align: justify;\">Cookies techniques: N\u00e9cessaires pour le bon fonctionnement du site web.<\/li>\n<li style=\"text-align: justify;\">Cookies d&rsquo;exp\u00e9rience: Optimisent votre exp\u00e9rience sur le site, bien que certaines fonctionnalit\u00e9s puissent ne pas \u00eatre disponibles si elles sont refus\u00e9es.<\/li>\n<li style=\"text-align: justify;\">Cookies statistiques: Suivent le comportement des utilisateurs sur le site pour am\u00e9liorer l&rsquo;exp\u00e9rience.<\/li>\n<li style=\"text-align: justify;\">Cookies marketing: Affichent des annonces pertinentes et du contenu personnalis\u00e9 en fonction de votre comportement.<\/li>\n<\/ul>\n<p>&nbsp;<\/p>\n<h3>D\u00e9sactivation et suppression des cookies<\/h3>\n<p style=\"text-align: justify;\">Vous pouvez autoriser, bloquer ou supprimer les cookies install\u00e9s sur votre appareil via les param\u00e8tres de votre navigateur. Notez que la d\u00e9sactivation des cookies peut entra\u00eener le dysfonctionnement de certains services. <\/p>\n<p style=\"text-align: justify;\">Comment d\u00e9sactiver les cookies dans diff\u00e9rents navigateurs: Internet Explorer o Microsoft Edge, Mozilla Firefox, Google Chrome, Apple Safari, Opera. Cette option se trouve g\u00e9n\u00e9ralement dans le menu Outils ou Options du navigateur. Vous pouvez \u00e9galement consulter le menu Aide pour obtenir des instructions sp\u00e9cifiques. \u00c0 tout moment, vous pouvez choisir quels cookies activer sur ce site web.   <\/p>\n<p>&nbsp;<\/p>\n<h3>Cookies utilis\u00e9es sur https:\/\/oceancruiserbenalmadena.com\/:<\/h3>\n<p style=\"text-align: justify;\">Sur notre site, nous utilisons des cookies internes et tiers pour am\u00e9liorer votre exp\u00e9rience de navigation, permettre l&rsquo;interaction avec les r\u00e9seaux sociaux, afficher des annonces personnalis\u00e9es et collecter des statistiques.<\/p>\n<p>Informations sur les cookies utilis\u00e9es:<\/p>\n<ul>\n<li style=\"text-align: justify;\"><strong>PHPSESSID<\/strong>: cookie de session. Ce cookie est utilis\u00e9 par le langage de cryptage PHP pour permettre aux variables de session d&rsquo;\u00eatre stock\u00e9es sur le serveur Web. Ce cookie est essentiel au fonctionnement du site. \u00c0 la fin de la session.<\/li>\n<li style=\"text-align: justify;\"><strong>uncodeAI.css<\/strong>: Cookie de session. Offre des images adapt\u00e9es \u00e0 la taille de l&rsquo;\u00e9cran. Cookie propri\u00e9taire qui se termine \u00e0 la fin de la session.<\/li>\n<li style=\"text-align: justify;\"><strong>uncodeAI.images<\/strong>: Cookie de session. Enregistre les styles et les pr\u00e9f\u00e9rences de couleur sur le site. Cookie propri\u00e9taire qui se termine \u00e0 la fin de la session.<\/li>\n<li style=\"text-align: justify;\"><strong>uncodeAI.screen<\/strong>: Cookie de session. Mesure la taille de l&rsquo;\u00e9cran pour adapter le contenu. Cookie propri\u00e9taire qui se termine \u00e0 la fin de la session.<\/li>\n<\/ul>\n<p>&nbsp;<\/p>\n<h3>Acceptation de la politique de cookies<\/h3>\n<p style=\"text-align: justify;\">En continuant \u00e0 naviguer sur ce site web, vous acceptez l&rsquo;utilisation de cookies conform\u00e9ment \u00e0 notre politique. Un avis sera affich\u00e9 \u00e0 chaque session pour vous informer de l&rsquo;utilisation des cookies et des options pour les g\u00e9rer. <\/p>\n<p style=\"text-align: justify;\"><strong>Options lors de la visualisation de la notification:<\/strong><\/p>\n<p style=\"text-align: justify;\">En acc\u00e9dant \u00e0 notre site web, vous pourrez choisir entre:<\/p>\n<ul style=\"text-align: justify;\">\n<li>Tout Accepter: Autorise tous les cookies.<\/li>\n<li>Tout Refuser: N&rsquo;autorise que les cookies n\u00e9cessaires.<\/li>\n<li>Param\u00e8tres: Personnalisez les cookies que vous souhaitez accepter.<\/li>\n<\/ul>\n<p style=\"text-align: justify;\">Dans Param\u00e8tres, vous pouvez s\u00e9lectionner les types de cookies:<\/p>\n<ul>\n<li style=\"text-align: justify;\">N\u00e9cessaires: Indispensables au fonctionnement du site. Elles ne peuvent pas \u00eatre d\u00e9sactiv\u00e9es. <\/li>\n<li style=\"text-align: justify;\">Statistiques: Aident \u00e0 am\u00e9liorer le site en analysant son utilisation.<\/li>\n<li style=\"text-align: justify;\">Exp\u00e9rience: Optimisent votre exp\u00e9rience sur le site, bien que certaines fonctionnalit\u00e9s puissent ne pas \u00eatre disponibles si elles sont refus\u00e9es.<\/li>\n<li style=\"text-align: justify;\">Marketing: Personnalise le contenu et les offres en fonction de vos int\u00e9r\u00eats.<\/li>\n<\/ul>\n<p>&nbsp;<\/p>\n<p><em>Politique de cookies mise \u00e0 jour pour la derni\u00e8re fois le 15\/11\/2024.<\/em>[\/vc_column_text][\/vc_column][\/vc_row]<\/p>\n<\/div>","protected":false},"excerpt":{"rendered":"<p>[vc_row][vc_column][vc_icon position=\u00a0\u00bbleft\u00a0\u00bb icon=\u00a0\u00bbfa fa-gears2&Prime; size=\u00a0\u00bbfa-2x\u00a0\u00bb heading_semantic=\u00a0\u00bbp\u00a0\u00bb linked_title=\u00a0\u00bbyes\u00a0\u00bb uncode_shortcode_id=\u00a0\u00bb181045&Prime; title=\u00a0\u00bbConfigurer les Cookies\u00a0\u00bb link=\u00a0\u00bburl:%23cookiesAndContentPolicySettings|title:Configurer%20les%20Cookies|\u00a0\u00bb][\/vc_icon][vc_column_text uncode_shortcode_id=\u00a0\u00bb881975&Prime;] Conform\u00e9ment \u00e0 l&rsquo;article 22.2 de la Loi [&hellip;]<\/p>\n","protected":false},"author":1,"featured_media":0,"parent":0,"menu_order":0,"comment_status":"closed","ping_status":"closed","template":"","meta":{"footnotes":""},"class_list":["post-1744","page","type-page","status-publish","hentry"],"yoast_head":"<!-- This site is optimized with the Yoast SEO plugin v27.1.1 - https:\/\/yoast.com\/product\/yoast-seo-wordpress\/ -->\n<title>\u25b7 Politique de cookies - Velero Ocean Cruiser<\/title>\n<meta name=\"robots\" content=\"noindex, nofollow\" \/>\n<meta property=\"og:locale\" content=\"fr_FR\" \/>\n<meta property=\"og:type\" content=\"article\" \/>\n<meta property=\"og:title\" content=\"\u25b7 Politique de cookies - Velero Ocean Cruiser\" \/>\n<meta property=\"og:description\" content=\"[vc_row][vc_column][vc_icon position=\u00a0\u00bbleft\u00a0\u00bb icon=\u00a0\u00bbfa fa-gears2&Prime; size=\u00a0\u00bbfa-2x\u00a0\u00bb heading_semantic=\u00a0\u00bbp\u00a0\u00bb linked_title=\u00a0\u00bbyes\u00a0\u00bb uncode_shortcode_id=\u00a0\u00bb181045&Prime; title=\u00a0\u00bbConfigurer les Cookies\u00a0\u00bb link=\u00a0\u00bburl:%23cookiesAndContentPolicySettings|title:Configurer%20les%20Cookies|\u00a0\u00bb][\/vc_icon][vc_column_text uncode_shortcode_id=\u00a0\u00bb881975&Prime;] Conform\u00e9ment \u00e0 l&rsquo;article 22.2 de la Loi [&hellip;]\" \/>\n<meta property=\"og:url\" content=\"https:\/\/oceancruiserbenalmadena.com\/fr\/politique-de-cookies\/\" \/>\n<meta property=\"og:site_name\" content=\"Velero Ocean Cruiser\" \/>\n<meta property=\"article:publisher\" content=\"https:\/\/www.facebook.com\/Ocean-Cruiser-271668076348189\" \/>\n<meta property=\"article:modified_time\" content=\"2024-11-15T21:57:14+00:00\" \/>\n<meta name=\"twitter:card\" content=\"summary_large_image\" \/>\n<meta name=\"twitter:label1\" content=\"Dur\u00e9e de lecture estim\u00e9e\" \/>\n\t<meta name=\"twitter:data1\" content=\"4 minutes\" \/>\n<script type=\"application\/ld+json\" class=\"yoast-schema-graph\">{\"@context\":\"https:\/\/schema.org\",\"@graph\":[{\"@type\":\"WebPage\",\"@id\":\"https:\/\/oceancruiserbenalmadena.com\/fr\/politique-de-cookies\/\",\"url\":\"https:\/\/oceancruiserbenalmadena.com\/fr\/politique-de-cookies\/\",\"name\":\"\u25b7 Politique de cookies - Velero Ocean Cruiser\",\"isPartOf\":{\"@id\":\"https:\/\/oceancruiserbenalmadena.com\/fr\/#website\"},\"datePublished\":\"2024-03-11T18:30:03+00:00\",\"dateModified\":\"2024-11-15T21:57:14+00:00\",\"breadcrumb\":{\"@id\":\"https:\/\/oceancruiserbenalmadena.com\/fr\/politique-de-cookies\/#breadcrumb\"},\"inLanguage\":\"fr-FR\",\"potentialAction\":[{\"@type\":\"ReadAction\",\"target\":[\"https:\/\/oceancruiserbenalmadena.com\/fr\/politique-de-cookies\/\"]}]},{\"@type\":\"BreadcrumbList\",\"@id\":\"https:\/\/oceancruiserbenalmadena.com\/fr\/politique-de-cookies\/#breadcrumb\",\"itemListElement\":[{\"@type\":\"ListItem\",\"position\":1,\"name\":\"Portada\",\"item\":\"https:\/\/oceancruiserbenalmadena.com\/fr\/\"},{\"@type\":\"ListItem\",\"position\":2,\"name\":\"Politique de cookies\"}]},{\"@type\":\"WebSite\",\"@id\":\"https:\/\/oceancruiserbenalmadena.com\/fr\/#website\",\"url\":\"https:\/\/oceancruiserbenalmadena.com\/fr\/\",\"name\":\"Velero Ocean Cruiser\",\"description\":\"Paseos en Barco Velero en Benalm\u00e1dena y Alquiler de barco velero para eventos privados en Benalm\u00e1dena\",\"publisher\":{\"@id\":\"https:\/\/oceancruiserbenalmadena.com\/fr\/#organization\"},\"alternateName\":\"Barco Velero Ocean Cruiser Benalm\u00e1dena\",\"potentialAction\":[{\"@type\":\"SearchAction\",\"target\":{\"@type\":\"EntryPoint\",\"urlTemplate\":\"https:\/\/oceancruiserbenalmadena.com\/fr\/?s={search_term_string}\"},\"query-input\":{\"@type\":\"PropertyValueSpecification\",\"valueRequired\":true,\"valueName\":\"search_term_string\"}}],\"inLanguage\":\"fr-FR\"},{\"@type\":\"Organization\",\"@id\":\"https:\/\/oceancruiserbenalmadena.com\/fr\/#organization\",\"name\":\"Ocean Cruiser sailboat\",\"alternateName\":\"Barco Velero Ocean Cruiser Benalm\u00e1dena\",\"url\":\"https:\/\/oceancruiserbenalmadena.com\/fr\/\",\"logo\":{\"@type\":\"ImageObject\",\"inLanguage\":\"fr-FR\",\"@id\":\"https:\/\/oceancruiserbenalmadena.com\/fr\/#\/schema\/logo\/image\/\",\"url\":\"https:\/\/oceancruiserbenalmadena.com\/wp-content\/uploads\/2021\/12\/logo-serp.jpg\",\"contentUrl\":\"https:\/\/oceancruiserbenalmadena.com\/wp-content\/uploads\/2021\/12\/logo-serp.jpg\",\"width\":500,\"height\":430,\"caption\":\"Ocean Cruiser sailboat\"},\"image\":{\"@id\":\"https:\/\/oceancruiserbenalmadena.com\/fr\/#\/schema\/logo\/image\/\"},\"sameAs\":[\"https:\/\/www.facebook.com\/Ocean-Cruiser-271668076348189\",\"https:\/\/www.instagram.com\/oceancruiserbenalmadena\/\"]}]}<\/script>\n<!-- \/ Yoast SEO plugin. -->","yoast_head_json":{"title":"\u25b7 Politique de cookies - Velero Ocean Cruiser","robots":{"index":"noindex","follow":"nofollow"},"og_locale":"fr_FR","og_type":"article","og_title":"\u25b7 Politique de cookies - Velero Ocean Cruiser","og_description":"[vc_row][vc_column][vc_icon position=\u00a0\u00bbleft\u00a0\u00bb icon=\u00a0\u00bbfa fa-gears2&Prime; size=\u00a0\u00bbfa-2x\u00a0\u00bb heading_semantic=\u00a0\u00bbp\u00a0\u00bb linked_title=\u00a0\u00bbyes\u00a0\u00bb uncode_shortcode_id=\u00a0\u00bb181045&Prime; title=\u00a0\u00bbConfigurer les Cookies\u00a0\u00bb link=\u00a0\u00bburl:%23cookiesAndContentPolicySettings|title:Configurer%20les%20Cookies|\u00a0\u00bb][\/vc_icon][vc_column_text uncode_shortcode_id=\u00a0\u00bb881975&Prime;] Conform\u00e9ment \u00e0 l&rsquo;article 22.2 de la Loi [&hellip;]","og_url":"https:\/\/oceancruiserbenalmadena.com\/fr\/politique-de-cookies\/","og_site_name":"Velero Ocean Cruiser","article_publisher":"https:\/\/www.facebook.com\/Ocean-Cruiser-271668076348189","article_modified_time":"2024-11-15T21:57:14+00:00","twitter_card":"summary_large_image","twitter_misc":{"Dur\u00e9e de lecture estim\u00e9e":"4 minutes"},"schema":{"@context":"https:\/\/schema.org","@graph":[{"@type":"WebPage","@id":"https:\/\/oceancruiserbenalmadena.com\/fr\/politique-de-cookies\/","url":"https:\/\/oceancruiserbenalmadena.com\/fr\/politique-de-cookies\/","name":"\u25b7 Politique de cookies - Velero Ocean Cruiser","isPartOf":{"@id":"https:\/\/oceancruiserbenalmadena.com\/fr\/#website"},"datePublished":"2024-03-11T18:30:03+00:00","dateModified":"2024-11-15T21:57:14+00:00","breadcrumb":{"@id":"https:\/\/oceancruiserbenalmadena.com\/fr\/politique-de-cookies\/#breadcrumb"},"inLanguage":"fr-FR","potentialAction":[{"@type":"ReadAction","target":["https:\/\/oceancruiserbenalmadena.com\/fr\/politique-de-cookies\/"]}]},{"@type":"BreadcrumbList","@id":"https:\/\/oceancruiserbenalmadena.com\/fr\/politique-de-cookies\/#breadcrumb","itemListElement":[{"@type":"ListItem","position":1,"name":"Portada","item":"https:\/\/oceancruiserbenalmadena.com\/fr\/"},{"@type":"ListItem","position":2,"name":"Politique de cookies"}]},{"@type":"WebSite","@id":"https:\/\/oceancruiserbenalmadena.com\/fr\/#website","url":"https:\/\/oceancruiserbenalmadena.com\/fr\/","name":"Velero Ocean Cruiser","description":"Paseos en Barco Velero en Benalm\u00e1dena y Alquiler de barco velero para eventos privados en Benalm\u00e1dena","publisher":{"@id":"https:\/\/oceancruiserbenalmadena.com\/fr\/#organization"},"alternateName":"Barco Velero Ocean Cruiser Benalm\u00e1dena","potentialAction":[{"@type":"SearchAction","target":{"@type":"EntryPoint","urlTemplate":"https:\/\/oceancruiserbenalmadena.com\/fr\/?s={search_term_string}"},"query-input":{"@type":"PropertyValueSpecification","valueRequired":true,"valueName":"search_term_string"}}],"inLanguage":"fr-FR"},{"@type":"Organization","@id":"https:\/\/oceancruiserbenalmadena.com\/fr\/#organization","name":"Ocean Cruiser sailboat","alternateName":"Barco Velero Ocean Cruiser Benalm\u00e1dena","url":"https:\/\/oceancruiserbenalmadena.com\/fr\/","logo":{"@type":"ImageObject","inLanguage":"fr-FR","@id":"https:\/\/oceancruiserbenalmadena.com\/fr\/#\/schema\/logo\/image\/","url":"https:\/\/oceancruiserbenalmadena.com\/wp-content\/uploads\/2021\/12\/logo-serp.jpg","contentUrl":"https:\/\/oceancruiserbenalmadena.com\/wp-content\/uploads\/2021\/12\/logo-serp.jpg","width":500,"height":430,"caption":"Ocean Cruiser sailboat"},"image":{"@id":"https:\/\/oceancruiserbenalmadena.com\/fr\/#\/schema\/logo\/image\/"},"sameAs":["https:\/\/www.facebook.com\/Ocean-Cruiser-271668076348189","https:\/\/www.instagram.com\/oceancruiserbenalmadena\/"]}]}},"_links":{"self":[{"href":"https:\/\/oceancruiserbenalmadena.com\/fr\/wp-json\/wp\/v2\/pages\/1744","targetHints":{"allow":["GET"]}}],"collection":[{"href":"https:\/\/oceancruiserbenalmadena.com\/fr\/wp-json\/wp\/v2\/pages"}],"about":[{"href":"https:\/\/oceancruiserbenalmadena.com\/fr\/wp-json\/wp\/v2\/types\/page"}],"author":[{"embeddable":true,"href":"https:\/\/oceancruiserbenalmadena.com\/fr\/wp-json\/wp\/v2\/users\/1"}],"replies":[{"embeddable":true,"href":"https:\/\/oceancruiserbenalmadena.com\/fr\/wp-json\/wp\/v2\/comments?post=1744"}],"version-history":[{"count":7,"href":"https:\/\/oceancruiserbenalmadena.com\/fr\/wp-json\/wp\/v2\/pages\/1744\/revisions"}],"predecessor-version":[{"id":2236,"href":"https:\/\/oceancruiserbenalmadena.com\/fr\/wp-json\/wp\/v2\/pages\/1744\/revisions\/2236"}],"wp:attachment":[{"href":"https:\/\/oceancruiserbenalmadena.com\/fr\/wp-json\/wp\/v2\/media?parent=1744"}],"curies":[{"name":"wp","href":"https:\/\/api.w.org\/{rel}","templated":true}]}}