{"id":1782,"date":"2024-03-11T20:04:35","date_gmt":"2024-03-11T19:04:35","guid":{"rendered":"https:\/\/oceancruiserbenalmadena.com\/?page_id=1782"},"modified":"2024-03-21T11:00:19","modified_gmt":"2024-03-21T10:00:19","slug":"galerie","status":"publish","type":"page","link":"https:\/\/oceancruiserbenalmadena.com\/fr\/galerie\/","title":{"rendered":"Galerie"},"content":{"rendered":"<div class=\"wpb-content-wrapper\"><p>[vc_row unlock_row_content=\u00a0\u00bbyes\u00a0\u00bb row_height_percent=\u00a0\u00bb0&Prime; override_padding=\u00a0\u00bbyes\u00a0\u00bb h_padding=\u00a0\u00bb0&Prime; top_padding=\u00a0\u00bb0&Prime; bottom_padding=\u00a0\u00bb0&Prime; back_color=\u00a0\u00bbcolor-xsdn\u00a0\u00bb overlay_alpha=\u00a0\u00bb50&Prime; gutter_size=\u00a0\u00bb3&Prime; column_width_percent=\u00a0\u00bb100&Prime; shift_y=\u00a0\u00bb0&Prime; z_index=\u00a0\u00bb0&Prime; uncode_shortcode_id=\u00a0\u00bb352903&Prime; back_color_type=\u00a0\u00bbuncode-palette\u00a0\u00bb shape_dividers=\u00a0\u00bb\u00a0\u00bb][vc_column column_width_percent=\u00a0\u00bb100&Prime; position_vertical=\u00a0\u00bbmiddle\u00a0\u00bb align_horizontal=\u00a0\u00bbalign_center\u00a0\u00bb gutter_size=\u00a0\u00bb1&Prime; style=\u00a0\u00bbdark\u00a0\u00bb overlay_alpha=\u00a0\u00bb50&Prime; shift_x=\u00a0\u00bb0&Prime; shift_y=\u00a0\u00bb0&Prime; shift_y_down=\u00a0\u00bb0&Prime; z_index=\u00a0\u00bb0&Prime; medium_width=\u00a0\u00bb0&Prime; mobile_width=\u00a0\u00bb0&Prime; width=\u00a0\u00bb1\/1&Prime; uncode_shortcode_id=\u00a0\u00bb439584&Prime;][vc_row_inner limit_content=\u00a0\u00bb\u00a0\u00bb][vc_column_inner column_width_percent=\u00a0\u00bb100&Prime; position_vertical=\u00a0\u00bbmiddle\u00a0\u00bb align_horizontal=\u00a0\u00bbalign_center\u00a0\u00bb gutter_size=\u00a0\u00bb3&Prime; override_padding=\u00a0\u00bbyes\u00a0\u00bb column_padding=\u00a0\u00bb2&Prime; overlay_alpha=\u00a0\u00bb50&Prime; shift_x=\u00a0\u00bb0&Prime; shift_y=\u00a0\u00bb0&Prime; shift_y_down=\u00a0\u00bb0&Prime; z_index=\u00a0\u00bb0&Prime; medium_width=\u00a0\u00bb0&Prime; mobile_width=\u00a0\u00bb0&Prime; width=\u00a0\u00bb1\/1&Prime; uncode_shortcode_id=\u00a0\u00bb117261&Prime;][vc_custom_heading text_color=\u00a0\u00bbcolor-117064&Prime; heading_semantic=\u00a0\u00bbh3&Prime; text_size=\u00a0\u00bbh1&Prime; sub_lead=\u00a0\u00bbyes\u00a0\u00bb sub_reduced=\u00a0\u00bbyes\u00a0\u00bb css_animation=\u00a0\u00bbbottom-t-top\u00a0\u00bb animation_delay=\u00a0\u00bb100&Prime; text_align=\u00a0\u00bbtext-center\u00a0\u00bb text_uppercase=\u00a0\u00bb\u00a0\u00bb text_serif=\u00a0\u00bb\u00a0\u00bb subheading=\u00a0\u00bbGalerie d&rsquo;\u00e9v\u00e9nements priv\u00e9s et d&rsquo;excursions en bateau\u00a0\u00bb uncode_shortcode_id=\u00a0\u00bb191484&Prime; text_color_type=\u00a0\u00bbuncode-palette\u00a0\u00bb]Galerie Ocean Cruiser Benalm\u00e1dena[\/vc_custom_heading][\/vc_column_inner][\/vc_row_inner][vc_gallery el_id=\u00a0\u00bbgallery-9751014&Prime; type=\u00a0\u00bbjustified\u00a0\u00bb random=\u00a0\u00bbyes\u00a0\u00bb medias=\u00a0\u00bb642,643,1796,1276,1263,640,638,641,637,635,1260,636,633,634,1272,395,1267,1258,1270,1274,384,377,1252,1255,1278,1281,1283,1285,1869,1795,1794,1793,1792,1791,1790,1788,1783,1786,1810,1773&Prime; justify_row_height=\u00a0\u00bb250&Prime; justify_last_row=\u00a0\u00bbhide\u00a0\u00bb gutter_size=\u00a0\u00bb1&Prime; single_overlay_color=\u00a0\u00bbcolor-xsdn\u00a0\u00bb single_overlay_opacity=\u00a0\u00bb50&Prime; single_h_align=\u00a0\u00bbcenter\u00a0\u00bb single_padding=\u00a0\u00bb2&Prime; single_icon=\u00a0\u00bbfa fa-plus2&Prime; single_border=\u00a0\u00bbyes\u00a0\u00bb single_css_animation=\u00a0\u00bbalpha-anim\u00a0\u00bb single_animation_speed=\u00a0\u00bb600&Prime; single_animation_delay=\u00a0\u00bb100&Prime; lbox_caption=\u00a0\u00bbyes\u00a0\u00bb lbox_social=\u00a0\u00bbyes\u00a0\u00bb lbox_deep=\u00a0\u00bbyes\u00a0\u00bb lbox_no_arrows=\u00a0\u00bbyes\u00a0\u00bb lbox_no_tmb=\u00a0\u00bbyes\u00a0\u00bb uncode_shortcode_id=\u00a0\u00bb435077&Prime;][\/vc_column][\/vc_row][vc_row row_height_percent=\u00a0\u00bb0&Prime; override_padding=\u00a0\u00bbyes\u00a0\u00bb h_padding=\u00a0\u00bb2&Prime; top_padding=\u00a0\u00bb5&Prime; bottom_padding=\u00a0\u00bb5&Prime; back_color=\u00a0\u00bbcolor-612500&Prime; overlay_alpha=\u00a0\u00bb0&Prime; gutter_size=\u00a0\u00bb100&Prime; column_width_percent=\u00a0\u00bb100&Prime; shift_y=\u00a0\u00bb0&Prime; z_index=\u00a0\u00bb0&Prime; top_divider=\u00a0\u00bbgradient\u00a0\u00bb style=\u00a0\u00bbinherited\u00a0\u00bb row_name=\u00a0\u00bbGallery\u00a0\u00bb uncode_shortcode_id=\u00a0\u00bb104212&Prime; back_color_type=\u00a0\u00bbuncode-palette\u00a0\u00bb][vc_column column_width_percent=\u00a0\u00bb100&Prime; align_horizontal=\u00a0\u00bbalign_center\u00a0\u00bb gutter_size=\u00a0\u00bb4&Prime; style=\u00a0\u00bbdark\u00a0\u00bb overlay_alpha=\u00a0\u00bb100&Prime; shift_x=\u00a0\u00bb0&Prime; shift_y=\u00a0\u00bb0&Prime; medium_width=\u00a0\u00bb0&Prime; zoom_width=\u00a0\u00bb0&Prime; zoom_height=\u00a0\u00bb0&Prime; width=\u00a0\u00bb1\/1&Prime; mobile_width_full=\u00a0\u00bb\u00a0\u00bb][vc_gallery el_id=\u00a0\u00bbgallery-73689423&Prime; type=\u00a0\u00bbcarousel\u00a0\u00bb medias=\u00a0\u00bb647,645,646,644,642,653,1243,1246,1249&Prime; carousel_lg=\u00a0\u00bb3&Prime; carousel_md=\u00a0\u00bb2&Prime; carousel_sm=\u00a0\u00bb1&Prime; thumb_size=\u00a0\u00bbtwo-three\u00a0\u00bb gutter_size=\u00a0\u00bb4&Prime; media_items=\u00a0\u00bbmedia|lightbox|original,icon|md\u00a0\u00bb carousel_interval=\u00a0\u00bb0&Prime; carousel_navspeed=\u00a0\u00bb400&Prime; carousel_loop=\u00a0\u00bbyes\u00a0\u00bb carousel_overflow=\u00a0\u00bbyes\u00a0\u00bb carousel_dots=\u00a0\u00bbyes\u00a0\u00bb carousel_dots_space=\u00a0\u00bbyes\u00a0\u00bb carousel_dots_mobile=\u00a0\u00bbyes\u00a0\u00bb stage_padding=\u00a0\u00bb25&Prime; single_shape=\u00a0\u00bbround\u00a0\u00bb radius=\u00a0\u00bbxs\u00a0\u00bb single_overlay_color=\u00a0\u00bbcolor-xsdn\u00a0\u00bb single_overlay_opacity=\u00a0\u00bb50&Prime; single_image_anim=\u00a0\u00bbno\u00a0\u00bb single_h_align=\u00a0\u00bbcenter\u00a0\u00bb single_padding=\u00a0\u00bb2&Prime; single_icon=\u00a0\u00bbfa fa-plus2&Prime; single_shadow=\u00a0\u00bbyes\u00a0\u00bb shadow_weight=\u00a0\u00bbxl\u00a0\u00bb shadow_darker=\u00a0\u00bbyes\u00a0\u00bb single_border=\u00a0\u00bbyes\u00a0\u00bb single_css_animation=\u00a0\u00bbzoom-in\u00a0\u00bb single_animation_delay=\u00a0\u00bb200&Prime; lbox_no_tmb=\u00a0\u00bbyes\u00a0\u00bb carousel_rtl=\u00a0\u00bb\u00a0\u00bb single_title_uppercase=\u00a0\u00bb\u00a0\u00bb single_half_padding=\u00a0\u00bb\u00a0\u00bb single_title_serif=\u00a0\u00bb\u00a0\u00bb single_no_background=\u00a0\u00bb\u00a0\u00bb uncode_shortcode_id=\u00a0\u00bb186126&Prime;][\/vc_column][\/vc_row]<\/p>\n<\/div>","protected":false},"excerpt":{"rendered":"<p>[vc_row unlock_row_content=\u00a0\u00bbyes\u00a0\u00bb row_height_percent=\u00a0\u00bb0&Prime; override_padding=\u00a0\u00bbyes\u00a0\u00bb h_padding=\u00a0\u00bb0&Prime; top_padding=\u00a0\u00bb0&Prime; bottom_padding=\u00a0\u00bb0&Prime; back_color=\u00a0\u00bbcolor-xsdn\u00a0\u00bb overlay_alpha=\u00a0\u00bb50&Prime; gutter_size=\u00a0\u00bb3&Prime; column_width_percent=\u00a0\u00bb100&Prime; shift_y=\u00a0\u00bb0&Prime; z_index=\u00a0\u00bb0&Prime; uncode_shortcode_id=\u00a0\u00bb352903&Prime; back_color_type=\u00a0\u00bbuncode-palette\u00a0\u00bb shape_dividers=\u00a0\u00bb\u00a0\u00bb][vc_column column_width_percent=\u00a0\u00bb100&Prime; position_vertical=\u00a0\u00bbmiddle\u00a0\u00bb align_horizontal=\u00a0\u00bbalign_center\u00a0\u00bb gutter_size=\u00a0\u00bb1&Prime; [&hellip;]<\/p>\n","protected":false},"author":2,"featured_media":1909,"parent":0,"menu_order":0,"comment_status":"closed","ping_status":"closed","template":"","meta":{"footnotes":""},"class_list":["post-1782","page","type-page","status-publish","has-post-thumbnail","hentry"],"yoast_head":"<!-- This site is optimized with the Yoast SEO plugin v27.1.1 - https:\/\/yoast.com\/product\/yoast-seo-wordpress\/ -->\n<title>\u25b7 Galerie \ud83d\udcf7 Bateau \u00e0 Voile Ocean Cruiser \u26f5 Benalm\u00e1dena<\/title>\n<meta name=\"description\" content=\"Explorez l&#039;\u00e9l\u00e9gance du voilier Ocean Cruiser, dans le port de Benalm\u00e1dena. Promenades en bateau \u26f5, dauphins\ud83d\udc2c, et \u00e9v\u00e9nements priv\u00e9s\ud83c\udf89\" \/>\n<meta name=\"robots\" content=\"index, follow, max-snippet:-1, max-image-preview:large, max-video-preview:-1\" \/>\n<link rel=\"canonical\" href=\"https:\/\/oceancruiserbenalmadena.com\/fr\/galerie\/\" \/>\n<meta property=\"og:locale\" content=\"fr_FR\" \/>\n<meta property=\"og:type\" content=\"article\" \/>\n<meta property=\"og:title\" content=\"\u25b7 Galerie \ud83d\udcf7 Bateau \u00e0 Voile Ocean Cruiser \u26f5 Benalm\u00e1dena\" \/>\n<meta property=\"og:description\" content=\"Explorez l&#039;\u00e9l\u00e9gance du voilier Ocean Cruiser, dans le port de Benalm\u00e1dena. Promenades en bateau \u26f5, dauphins\ud83d\udc2c, et \u00e9v\u00e9nements priv\u00e9s\ud83c\udf89\" \/>\n<meta property=\"og:url\" content=\"https:\/\/oceancruiserbenalmadena.com\/fr\/galerie\/\" \/>\n<meta property=\"og:site_name\" content=\"Velero Ocean Cruiser\" \/>\n<meta property=\"article:publisher\" content=\"https:\/\/www.facebook.com\/Ocean-Cruiser-271668076348189\" \/>\n<meta property=\"article:modified_time\" content=\"2024-03-21T10:00:19+00:00\" \/>\n<meta property=\"og:image\" content=\"https:\/\/oceancruiserbenalmadena.com\/wp-content\/uploads\/2023\/03\/Vistas-de-Benalmadena-desde-velero-Ocean-Cruiser-min.jpeg\" \/>\n\t<meta property=\"og:image:width\" content=\"1024\" \/>\n\t<meta property=\"og:image:height\" content=\"768\" \/>\n\t<meta property=\"og:image:type\" content=\"image\/jpeg\" \/>\n<meta name=\"twitter:card\" content=\"summary_large_image\" \/>\n<meta name=\"twitter:label1\" content=\"Dur\u00e9e de lecture estim\u00e9e\" \/>\n\t<meta name=\"twitter:data1\" content=\"1 minute\" \/>\n<script type=\"application\/ld+json\" class=\"yoast-schema-graph\">{\"@context\":\"https:\/\/schema.org\",\"@graph\":[{\"@type\":\"WebPage\",\"@id\":\"https:\/\/oceancruiserbenalmadena.com\/fr\/galerie\/\",\"url\":\"https:\/\/oceancruiserbenalmadena.com\/fr\/galerie\/\",\"name\":\"\u25b7 Galerie \ud83d\udcf7 Bateau \u00e0 Voile Ocean Cruiser \u26f5 Benalm\u00e1dena\",\"isPartOf\":{\"@id\":\"https:\/\/oceancruiserbenalmadena.com\/fr\/#website\"},\"primaryImageOfPage\":{\"@id\":\"https:\/\/oceancruiserbenalmadena.com\/fr\/galerie\/#primaryimage\"},\"image\":{\"@id\":\"https:\/\/oceancruiserbenalmadena.com\/fr\/galerie\/#primaryimage\"},\"thumbnailUrl\":\"https:\/\/oceancruiserbenalmadena.com\/wp-content\/uploads\/2023\/03\/Vistas-de-Benalmadena-desde-velero-Ocean-Cruiser-min.jpeg\",\"datePublished\":\"2024-03-11T19:04:35+00:00\",\"dateModified\":\"2024-03-21T10:00:19+00:00\",\"description\":\"Explorez l'\u00e9l\u00e9gance du voilier Ocean Cruiser, dans le port de Benalm\u00e1dena. Promenades en bateau \u26f5, dauphins\ud83d\udc2c, et \u00e9v\u00e9nements priv\u00e9s\ud83c\udf89\",\"breadcrumb\":{\"@id\":\"https:\/\/oceancruiserbenalmadena.com\/fr\/galerie\/#breadcrumb\"},\"inLanguage\":\"fr-FR\",\"potentialAction\":[{\"@type\":\"ReadAction\",\"target\":[\"https:\/\/oceancruiserbenalmadena.com\/fr\/galerie\/\"]}]},{\"@type\":\"ImageObject\",\"inLanguage\":\"fr-FR\",\"@id\":\"https:\/\/oceancruiserbenalmadena.com\/fr\/galerie\/#primaryimage\",\"url\":\"https:\/\/oceancruiserbenalmadena.com\/wp-content\/uploads\/2023\/03\/Vistas-de-Benalmadena-desde-velero-Ocean-Cruiser-min.jpeg\",\"contentUrl\":\"https:\/\/oceancruiserbenalmadena.com\/wp-content\/uploads\/2023\/03\/Vistas-de-Benalmadena-desde-velero-Ocean-Cruiser-min.jpeg\",\"width\":1024,\"height\":768,\"caption\":\"Vues panoramiques de Benalm\u00e1dena depuis le voilier Ocean Cruiser\"},{\"@type\":\"BreadcrumbList\",\"@id\":\"https:\/\/oceancruiserbenalmadena.com\/fr\/galerie\/#breadcrumb\",\"itemListElement\":[{\"@type\":\"ListItem\",\"position\":1,\"name\":\"Portada\",\"item\":\"https:\/\/oceancruiserbenalmadena.com\/fr\/\"},{\"@type\":\"ListItem\",\"position\":2,\"name\":\"Galerie\"}]},{\"@type\":\"WebSite\",\"@id\":\"https:\/\/oceancruiserbenalmadena.com\/fr\/#website\",\"url\":\"https:\/\/oceancruiserbenalmadena.com\/fr\/\",\"name\":\"Velero Ocean Cruiser\",\"description\":\"Paseos en Barco Velero en Benalm\u00e1dena y Alquiler de barco velero para eventos privados en Benalm\u00e1dena\",\"publisher\":{\"@id\":\"https:\/\/oceancruiserbenalmadena.com\/fr\/#organization\"},\"alternateName\":\"Barco Velero Ocean Cruiser Benalm\u00e1dena\",\"potentialAction\":[{\"@type\":\"SearchAction\",\"target\":{\"@type\":\"EntryPoint\",\"urlTemplate\":\"https:\/\/oceancruiserbenalmadena.com\/fr\/?s={search_term_string}\"},\"query-input\":{\"@type\":\"PropertyValueSpecification\",\"valueRequired\":true,\"valueName\":\"search_term_string\"}}],\"inLanguage\":\"fr-FR\"},{\"@type\":\"Organization\",\"@id\":\"https:\/\/oceancruiserbenalmadena.com\/fr\/#organization\",\"name\":\"Ocean Cruiser sailboat\",\"alternateName\":\"Barco Velero Ocean Cruiser Benalm\u00e1dena\",\"url\":\"https:\/\/oceancruiserbenalmadena.com\/fr\/\",\"logo\":{\"@type\":\"ImageObject\",\"inLanguage\":\"fr-FR\",\"@id\":\"https:\/\/oceancruiserbenalmadena.com\/fr\/#\/schema\/logo\/image\/\",\"url\":\"https:\/\/oceancruiserbenalmadena.com\/wp-content\/uploads\/2021\/12\/logo-serp.jpg\",\"contentUrl\":\"https:\/\/oceancruiserbenalmadena.com\/wp-content\/uploads\/2021\/12\/logo-serp.jpg\",\"width\":500,\"height\":430,\"caption\":\"Ocean Cruiser sailboat\"},\"image\":{\"@id\":\"https:\/\/oceancruiserbenalmadena.com\/fr\/#\/schema\/logo\/image\/\"},\"sameAs\":[\"https:\/\/www.facebook.com\/Ocean-Cruiser-271668076348189\",\"https:\/\/www.instagram.com\/oceancruiserbenalmadena\/\"]}]}<\/script>\n<!-- \/ Yoast SEO plugin. -->","yoast_head_json":{"title":"\u25b7 Galerie \ud83d\udcf7 Bateau \u00e0 Voile Ocean Cruiser \u26f5 Benalm\u00e1dena","description":"Explorez l'\u00e9l\u00e9gance du voilier Ocean Cruiser, dans le port de Benalm\u00e1dena. Promenades en bateau \u26f5, dauphins\ud83d\udc2c, et \u00e9v\u00e9nements priv\u00e9s\ud83c\udf89","robots":{"index":"index","follow":"follow","max-snippet":"max-snippet:-1","max-image-preview":"max-image-preview:large","max-video-preview":"max-video-preview:-1"},"canonical":"https:\/\/oceancruiserbenalmadena.com\/fr\/galerie\/","og_locale":"fr_FR","og_type":"article","og_title":"\u25b7 Galerie \ud83d\udcf7 Bateau \u00e0 Voile Ocean Cruiser \u26f5 Benalm\u00e1dena","og_description":"Explorez l'\u00e9l\u00e9gance du voilier Ocean Cruiser, dans le port de Benalm\u00e1dena. Promenades en bateau \u26f5, dauphins\ud83d\udc2c, et \u00e9v\u00e9nements priv\u00e9s\ud83c\udf89","og_url":"https:\/\/oceancruiserbenalmadena.com\/fr\/galerie\/","og_site_name":"Velero Ocean Cruiser","article_publisher":"https:\/\/www.facebook.com\/Ocean-Cruiser-271668076348189","article_modified_time":"2024-03-21T10:00:19+00:00","og_image":[{"width":1024,"height":768,"url":"https:\/\/oceancruiserbenalmadena.com\/wp-content\/uploads\/2023\/03\/Vistas-de-Benalmadena-desde-velero-Ocean-Cruiser-min.jpeg","type":"image\/jpeg"}],"twitter_card":"summary_large_image","twitter_misc":{"Dur\u00e9e de lecture estim\u00e9e":"1 minute"},"schema":{"@context":"https:\/\/schema.org","@graph":[{"@type":"WebPage","@id":"https:\/\/oceancruiserbenalmadena.com\/fr\/galerie\/","url":"https:\/\/oceancruiserbenalmadena.com\/fr\/galerie\/","name":"\u25b7 Galerie \ud83d\udcf7 Bateau \u00e0 Voile Ocean Cruiser \u26f5 Benalm\u00e1dena","isPartOf":{"@id":"https:\/\/oceancruiserbenalmadena.com\/fr\/#website"},"primaryImageOfPage":{"@id":"https:\/\/oceancruiserbenalmadena.com\/fr\/galerie\/#primaryimage"},"image":{"@id":"https:\/\/oceancruiserbenalmadena.com\/fr\/galerie\/#primaryimage"},"thumbnailUrl":"https:\/\/oceancruiserbenalmadena.com\/wp-content\/uploads\/2023\/03\/Vistas-de-Benalmadena-desde-velero-Ocean-Cruiser-min.jpeg","datePublished":"2024-03-11T19:04:35+00:00","dateModified":"2024-03-21T10:00:19+00:00","description":"Explorez l'\u00e9l\u00e9gance du voilier Ocean Cruiser, dans le port de Benalm\u00e1dena. Promenades en bateau \u26f5, dauphins\ud83d\udc2c, et \u00e9v\u00e9nements priv\u00e9s\ud83c\udf89","breadcrumb":{"@id":"https:\/\/oceancruiserbenalmadena.com\/fr\/galerie\/#breadcrumb"},"inLanguage":"fr-FR","potentialAction":[{"@type":"ReadAction","target":["https:\/\/oceancruiserbenalmadena.com\/fr\/galerie\/"]}]},{"@type":"ImageObject","inLanguage":"fr-FR","@id":"https:\/\/oceancruiserbenalmadena.com\/fr\/galerie\/#primaryimage","url":"https:\/\/oceancruiserbenalmadena.com\/wp-content\/uploads\/2023\/03\/Vistas-de-Benalmadena-desde-velero-Ocean-Cruiser-min.jpeg","contentUrl":"https:\/\/oceancruiserbenalmadena.com\/wp-content\/uploads\/2023\/03\/Vistas-de-Benalmadena-desde-velero-Ocean-Cruiser-min.jpeg","width":1024,"height":768,"caption":"Vues panoramiques de Benalm\u00e1dena depuis le voilier Ocean Cruiser"},{"@type":"BreadcrumbList","@id":"https:\/\/oceancruiserbenalmadena.com\/fr\/galerie\/#breadcrumb","itemListElement":[{"@type":"ListItem","position":1,"name":"Portada","item":"https:\/\/oceancruiserbenalmadena.com\/fr\/"},{"@type":"ListItem","position":2,"name":"Galerie"}]},{"@type":"WebSite","@id":"https:\/\/oceancruiserbenalmadena.com\/fr\/#website","url":"https:\/\/oceancruiserbenalmadena.com\/fr\/","name":"Velero Ocean Cruiser","description":"Paseos en Barco Velero en Benalm\u00e1dena y Alquiler de barco velero para eventos privados en Benalm\u00e1dena","publisher":{"@id":"https:\/\/oceancruiserbenalmadena.com\/fr\/#organization"},"alternateName":"Barco Velero Ocean Cruiser Benalm\u00e1dena","potentialAction":[{"@type":"SearchAction","target":{"@type":"EntryPoint","urlTemplate":"https:\/\/oceancruiserbenalmadena.com\/fr\/?s={search_term_string}"},"query-input":{"@type":"PropertyValueSpecification","valueRequired":true,"valueName":"search_term_string"}}],"inLanguage":"fr-FR"},{"@type":"Organization","@id":"https:\/\/oceancruiserbenalmadena.com\/fr\/#organization","name":"Ocean Cruiser sailboat","alternateName":"Barco Velero Ocean Cruiser Benalm\u00e1dena","url":"https:\/\/oceancruiserbenalmadena.com\/fr\/","logo":{"@type":"ImageObject","inLanguage":"fr-FR","@id":"https:\/\/oceancruiserbenalmadena.com\/fr\/#\/schema\/logo\/image\/","url":"https:\/\/oceancruiserbenalmadena.com\/wp-content\/uploads\/2021\/12\/logo-serp.jpg","contentUrl":"https:\/\/oceancruiserbenalmadena.com\/wp-content\/uploads\/2021\/12\/logo-serp.jpg","width":500,"height":430,"caption":"Ocean Cruiser sailboat"},"image":{"@id":"https:\/\/oceancruiserbenalmadena.com\/fr\/#\/schema\/logo\/image\/"},"sameAs":["https:\/\/www.facebook.com\/Ocean-Cruiser-271668076348189","https:\/\/www.instagram.com\/oceancruiserbenalmadena\/"]}]}},"_links":{"self":[{"href":"https:\/\/oceancruiserbenalmadena.com\/fr\/wp-json\/wp\/v2\/pages\/1782","targetHints":{"allow":["GET"]}}],"collection":[{"href":"https:\/\/oceancruiserbenalmadena.com\/fr\/wp-json\/wp\/v2\/pages"}],"about":[{"href":"https:\/\/oceancruiserbenalmadena.com\/fr\/wp-json\/wp\/v2\/types\/page"}],"author":[{"embeddable":true,"href":"https:\/\/oceancruiserbenalmadena.com\/fr\/wp-json\/wp\/v2\/users\/2"}],"replies":[{"embeddable":true,"href":"https:\/\/oceancruiserbenalmadena.com\/fr\/wp-json\/wp\/v2\/comments?post=1782"}],"version-history":[{"count":7,"href":"https:\/\/oceancruiserbenalmadena.com\/fr\/wp-json\/wp\/v2\/pages\/1782\/revisions"}],"predecessor-version":[{"id":2125,"href":"https:\/\/oceancruiserbenalmadena.com\/fr\/wp-json\/wp\/v2\/pages\/1782\/revisions\/2125"}],"wp:featuredmedia":[{"embeddable":true,"href":"https:\/\/oceancruiserbenalmadena.com\/fr\/wp-json\/wp\/v2\/media\/1909"}],"wp:attachment":[{"href":"https:\/\/oceancruiserbenalmadena.com\/fr\/wp-json\/wp\/v2\/media?parent=1782"}],"curies":[{"name":"wp","href":"https:\/\/api.w.org\/{rel}","templated":true}]}}